{"id":13,"date":"2010-09-12T11:06:56","date_gmt":"2010-09-12T09:06:56","guid":{"rendered":"http:\/\/www.adsvn.be\/site"},"modified":"2010-09-14T20:52:28","modified_gmt":"2010-09-14T18:52:28","slug":"liens","status":"publish","type":"page","link":"http:\/\/www.adsvn.be\/site\/liens","title":{"rendered":"Liens"},"content":{"rendered":"<p style=\"padding-left: 30px;\">Inter-Environnement Wallonie<br \/>\n<a href=\"http:\/\/iewonline.be\" target=\"_blank\">http:\/\/www.iewonline.be<\/a><\/p>\n<p style=\"padding-left: 30px;\">Commission Royale des Monuments, Sites et Fouilles<br \/>\n<a href=\"http:\/\/www.crmsf.be\" target=\"_blank\">http:\/\/www.crmsf.be<\/a><\/p>\n<p style=\"padding-left: 30px;\">Association Royale des Demeures Historiques et Jardins de Belgique<br \/>\n<a href=\"http:\/\/www.historische-woonsteden.be\/\" target=\"_blank\">http:\/\/www.historische-woonsteden.be\/<\/a><\/p>\n<p style=\"padding-left: 30px;\">Direction G\u00e9n\u00e9rale Am\u00e9nagement du Territoire, Logement, Patrimoine et Energie de la R\u00e9gion Wallonne<br \/>\n<a href=\"http:\/\/mrw.wallonie.be\/dgatlp\/\" target=\"_blank\">http:\/\/mrw.wallonie.be\/dgatlp\/<\/a><\/p>\n<p style=\"padding-left: 30px;\">Portail Environnement de la R\u00e9gion Wallonne<br \/>\n<a href=\"http:\/\/environnement.wallonie.be\/\" target=\"_blank\">http:\/\/www.environnement.wallonie.be\/<\/a><\/p>\n","protected":false},"excerpt":{"rendered":"<p>Inter-Environnement Wallonie http:\/\/www.iewonline.be Commission Royale des Monuments, Sites et Fouilles http:\/\/www.crmsf.be Association Royale des Demeures Historiques et Jardins de Belgique http:\/\/www.historische-woonsteden.be\/ Direction G\u00e9n\u00e9rale Am\u00e9nagement du Territoire, Logement, Patrimoine et Energie de la R\u00e9gion Wallonne http:\/\/mrw.wallonie.be\/dgatlp\/ Portail Environnement de la R\u00e9gion Wallonne http:\/\/www.environnement.wallonie.be\/<\/p>\n","protected":false},"author":4,"featured_media":0,"parent":0,"menu_order":4,"comment_status":"closed","ping_status":"closed","template":"","meta":[],"_links":{"self":[{"href":"http:\/\/www.adsvn.be\/site\/wp-json\/wp\/v2\/pages\/13"}],"collection":[{"href":"http:\/\/www.adsvn.be\/site\/wp-json\/wp\/v2\/pages"}],"about":[{"href":"http:\/\/www.adsvn.be\/site\/wp-json\/wp\/v2\/types\/page"}],"author":[{"embeddable":true,"href":"http:\/\/www.adsvn.be\/site\/wp-json\/wp\/v2\/users\/4"}],"replies":[{"embeddable":true,"href":"http:\/\/www.adsvn.be\/site\/wp-json\/wp\/v2\/comments?post=13"}],"version-history":[{"count":0,"href":"http:\/\/www.adsvn.be\/site\/wp-json\/wp\/v2\/pages\/13\/revisions"}],"wp:attachment":[{"href":"http:\/\/www.adsvn.be\/site\/wp-json\/wp\/v2\/media?parent=13"}],"curies":[{"name":"wp","href":"https:\/\/api.w.org\/{rel}","templated":true}]}}