{"id":23,"date":"2010-09-12T11:17:07","date_gmt":"2010-09-12T09:17:07","guid":{"rendered":"http:\/\/www.adsvn.be\/site"},"modified":"2023-05-17T19:09:23","modified_gmt":"2023-05-17T17:09:23","slug":"mentions-legales","status":"publish","type":"page","link":"http:\/\/www.adsvn.be\/site\/mentions-legales","title":{"rendered":"Mentions l\u00e9gales"},"content":{"rendered":"<p>Le contenu de ce site internet &#8211; graphisme, images, dessins, photos, textes et ressources &#8211; est la propri\u00e9t\u00e9 l\u00e9gale de l\u2019ADSVN ASBL, chauss\u00e9e de Dinant,\u00a0 1105 \u00e0 B-5100 Namur (Belgique), \u00e0 l&rsquo;exception des documents dont le copyright a \u00e9t\u00e9 octroy\u00e9 au propri\u00e9taire du site et qui est syst\u00e9matiquement sp\u00e9cifi\u00e9.<br \/>\nEn cas de demande d&rsquo;utilisation d&rsquo;une partie du contenu de ce site internet, notamment par l&rsquo;usage d&rsquo;hyperliens, d&rsquo;images, de dessins, de photos et de textes, veuillez en faire la demande au pr\u00e9alable via le formulaire de contact (rubrique \u00ab\u00a0autre information\u00a0\u00bb).<\/p>\n<h3>D\u00e9claration relative \u00e0 la protection de la vie priv\u00e9e<\/h3>\n<p>Ce site internet n&rsquo;enregistre et ne conserve aucune donn\u00e9e relative \u00e0 la vie priv\u00e9e. Il n&rsquo;utilise aucun programme (cookies ou autres) dans ce cadre.<br \/>\nL\u2019ADSVN ASBL ne sollicite et ne d\u00e9tient aucune information relative \u00e0 la vie priv\u00e9e.<br \/>\nLes adresses \u00e9lectroniques des messages \u00e9lectroniques re\u00e7us dans le cadre du fonctionnement de ce site internet ne sont pas utilis\u00e9es pour cr\u00e9er et exploiter un fichier.<\/p>\n<h3>D\u00e9claration relative au droit \u00e0 l&rsquo;image<\/h3>\n<p style=\"text-align: left;\">L\u2019ASDVN ASBL entend respecter scrupuleusement le droit \u00e0 l&rsquo;image de chacune et de chacun. Si une personne est photographi\u00e9e et dont la photo est reproduite sur ce site internet souhaite faire usage de son droit \u00e0 l&rsquo;image et refuser de ce fait la publication de cette photo, il lui suffit d&rsquo;en faire la demande explicite, accompagn\u00e9e d&rsquo;arguments, et exclusivement par \u00e9crit (lettre ou message \u00e9lectronique) \u00e0 l\u2019ADSVN asbl en sp\u00e9cifiant la section et le num\u00e9ro de la photo concern\u00e9e (clic droit de la souris puis propri\u00e9t\u00e9s de l&rsquo;image). Apr\u00e8s examen de la validit\u00e9 l\u00e9gale de la demande, l\u2019ADSVN asbl prendra ou non la d\u00e9cision de supprimer la photo concern\u00e9e du site internet.<\/p>\n<hr \/>\n<p style=\"text-align: center;\"><strong>ADSVN ASBL,<\/strong><\/p>\n<p style=\"text-align: center;\"><strong>Chauss\u00e9e de Dinant, 1105, 5100 Namur<\/strong><\/p>\n<p style=\"text-align: center;\">\u00a0Nr Entreprise\u00a0410-334-843<br \/>\nRPM Namur<br \/>\nCompte bancaire\u00a0363-0040323-11<\/p>\n","protected":false},"excerpt":{"rendered":"<p>Le contenu de ce site internet &#8211; graphisme, images, dessins, photos, textes et ressources &#8211; est la propri\u00e9t\u00e9 l\u00e9gale de l\u2019ADSVN ASBL, chauss\u00e9e de Dinant,\u00a0 1105 \u00e0 B-5100 Namur (Belgique), \u00e0 l&rsquo;exception des documents dont le copyright a \u00e9t\u00e9 octroy\u00e9 au propri\u00e9taire du site et qui est syst\u00e9matiquement sp\u00e9cifi\u00e9. En cas de demande d&rsquo;utilisation d&rsquo;une &hellip; <\/p>\n<p class=\"link-more\"><a href=\"http:\/\/www.adsvn.be\/site\/mentions-legales\" class=\"more-link\">Continuer la lecture<span class=\"screen-reader-text\"> de &laquo;&nbsp;Mentions l\u00e9gales&nbsp;&raquo;<\/span><\/a><\/p>\n","protected":false},"author":4,"featured_media":0,"parent":0,"menu_order":8,"comment_status":"closed","ping_status":"closed","template":"","meta":[],"_links":{"self":[{"href":"http:\/\/www.adsvn.be\/site\/wp-json\/wp\/v2\/pages\/23"}],"collection":[{"href":"http:\/\/www.adsvn.be\/site\/wp-json\/wp\/v2\/pages"}],"about":[{"href":"http:\/\/www.adsvn.be\/site\/wp-json\/wp\/v2\/types\/page"}],"author":[{"embeddable":true,"href":"http:\/\/www.adsvn.be\/site\/wp-json\/wp\/v2\/users\/4"}],"replies":[{"embeddable":true,"href":"http:\/\/www.adsvn.be\/site\/wp-json\/wp\/v2\/comments?post=23"}],"version-history":[{"count":6,"href":"http:\/\/www.adsvn.be\/site\/wp-json\/wp\/v2\/pages\/23\/revisions"}],"predecessor-version":[{"id":2653,"href":"http:\/\/www.adsvn.be\/site\/wp-json\/wp\/v2\/pages\/23\/revisions\/2653"}],"wp:attachment":[{"href":"http:\/\/www.adsvn.be\/site\/wp-json\/wp\/v2\/media?parent=23"}],"curies":[{"name":"wp","href":"https:\/\/api.w.org\/{rel}","templated":true}]}}