{"id":38,"date":"2010-09-13T03:14:56","date_gmt":"2010-09-13T01:14:56","guid":{"rendered":"http:\/\/www.adsvn.be\/site"},"modified":"2010-09-13T16:43:05","modified_gmt":"2010-09-13T14:43:05","slug":"protection-des-paysages","status":"publish","type":"page","link":"http:\/\/www.adsvn.be\/site\/accueil\/protection-des-paysages","title":{"rendered":"La protection des paysages"},"content":{"rendered":"<p><strong>La protection des paysages<\/strong> (en r\u00e9f\u00e9rence \u00e0 la charte de Florence\u00a0 adopt\u00e9e par la Belgique en\u00a02001, l\u2019implantation \u00e9olien, le d\u00e9veloppement agro-business et industriel)<\/p>\n","protected":false},"excerpt":{"rendered":"<p>La protection des paysages (en r\u00e9f\u00e9rence \u00e0 la charte de Florence\u00a0 adopt\u00e9e par la Belgique en\u00a02001, l\u2019implantation \u00e9olien, le d\u00e9veloppement agro-business et industriel)<\/p>\n","protected":false},"author":4,"featured_media":0,"parent":4,"menu_order":0,"comment_status":"closed","ping_status":"closed","template":"","meta":[],"_links":{"self":[{"href":"http:\/\/www.adsvn.be\/site\/wp-json\/wp\/v2\/pages\/38"}],"collection":[{"href":"http:\/\/www.adsvn.be\/site\/wp-json\/wp\/v2\/pages"}],"about":[{"href":"http:\/\/www.adsvn.be\/site\/wp-json\/wp\/v2\/types\/page"}],"author":[{"embeddable":true,"href":"http:\/\/www.adsvn.be\/site\/wp-json\/wp\/v2\/users\/4"}],"replies":[{"embeddable":true,"href":"http:\/\/www.adsvn.be\/site\/wp-json\/wp\/v2\/comments?post=38"}],"version-history":[{"count":0,"href":"http:\/\/www.adsvn.be\/site\/wp-json\/wp\/v2\/pages\/38\/revisions"}],"up":[{"embeddable":true,"href":"http:\/\/www.adsvn.be\/site\/wp-json\/wp\/v2\/pages\/4"}],"wp:attachment":[{"href":"http:\/\/www.adsvn.be\/site\/wp-json\/wp\/v2\/media?parent=38"}],"curies":[{"name":"wp","href":"https:\/\/api.w.org\/{rel}","templated":true}]}}