{"id":4,"date":"2010-09-12T10:53:45","date_gmt":"2010-09-12T08:53:45","guid":{"rendered":"http:\/\/www.adsvn.be\/site"},"modified":"2016-03-21T20:03:22","modified_gmt":"2016-03-21T18:03:22","slug":"accueil","status":"publish","type":"page","link":"http:\/\/www.adsvn.be\/site\/accueil","title":{"rendered":"Qui sommes-nous ?"},"content":{"rendered":"<p>L\u2019Association pour la D\u00e9fense des Sites et Vall\u00e9es du Namurois a \u00e9t\u00e9 cr\u00e9\u00e9e en 1942 par un groupe de r\u00e9sistants face \u00e0 l\u2019occupation allemande.<\/p>\n<p>Avec la fin de la guerre, l\u2019Association a \u00e9volu\u00e9 vers la d\u00e9fense du patrimoine b\u00e2ti et naturel dans le Namurois.<\/p>\n<p>Elle a compt\u00e9 parmi ses membres le renomm\u00e9 Adrien de Pr\u00e9morel (1889-1968), \u00e9crivain po\u00e8te et fervent d\u00e9fenseur de la nature.<\/p>\n<p>Les <strong>objectifs poursuivis par l\u2019ADSVN<\/strong> sont multiples\u00a0:<\/p>\n<ul>\n<li><a title=\"Am\u00e9nagement du territoire\" href=\"http:\/\/www.adsvn.be\/site\/amenagement-du-territoire\" target=\"_blank\"><strong>l\u2019am\u00e9nagement du territoire<\/strong><\/a> (modification des plans de secteur, application du CWATUPE \u2013 Code Wallon de l\u2019Am\u00e9nagement du Territoire, de l\u2019Urbanisme, du Patrimoine et de l\u2019Energie)\u00a0;<\/li>\n<li><a title=\"Protection des paysages\" href=\"http:\/\/www.adsvn.be\/site\/protection-des-paysages\" target=\"_blank\"><strong>la protection des paysages<\/strong><\/a> (en r\u00e9f\u00e9rence \u00e0 la charte de Florence\u00a0 adopt\u00e9e par la Belgique en\u00a02001, l\u2019implantation \u00e9olien, le d\u00e9veloppement agro-business et industriel)\u00a0;<\/li>\n<li><a title=\"Respect du b\u00e2ti en site rural\" href=\"http:\/\/www.adsvn.be\/site\/respect-du-bati-en-site-rural\" target=\"_blank\"><strong>le respect du b\u00e2ti en site rural<\/strong><\/a> (application du RGBSR \u2013 R\u00e8glement G\u00e9n\u00e9ral sur les B\u00e2tisses en Site Rural, conservation et transformation du b\u00e2ti ancien constituant l\u2019h\u00e9ritage patrimonial et historique de la Province de Namur)\u00a0;<\/li>\n<li><a title=\"D\u00e9veloppement urbain des villes\" href=\"http:\/\/www.adsvn.be\/site\/developpement-urbain-des-villes\" target=\"_blank\"><strong>le d\u00e9veloppement urbain des villes<\/strong><\/a> ayant un caract\u00e8re architectural ou naturel de grande importance\u00a0;<\/li>\n<li><a title=\"Sauvegarde de la biodiversit\u00e9\" href=\"http:\/\/www.adsvn.be\/site\/sauvegarde-de-la-biodiversite\" target=\"_blank\"><strong>la sauvegarde de la biodiversit\u00e9<\/strong><\/a> dans une r\u00e9gion fortement peupl\u00e9e et de plus en plus urbanis\u00e9e.<\/li>\n<\/ul>\n<p>L\u2019ADSVN est compos\u00e9e de <strong>b\u00e9n\u00e9voles aux nombreuses comp\u00e9tences compl\u00e9mentaires<\/strong> qui ne comptent ni leur temps, ni leur \u00e9nergie pour pr\u00e9server notre patrimoine commun.<\/p>\n<p>L\u2019ADSVN est <strong>ind\u00e9pendante de tout parti et de toute structure politique<\/strong>. Elle agit exclusivement sur des bases d\u00e9mocratiques et l\u00e9gales. Elle ne re\u00e7oit <strong>aucun subside<\/strong>.<\/p>\n<p>Elle se veut <strong>un acteur influen\u00e7ant et de r\u00e9f\u00e9rence en Province de Namur<\/strong> pour ses domaines de comp\u00e9tences.<\/p>\n<p style=\"text-align: left;\">L\u2019ADSVN est <strong>membre d\u2019Inter-Environnement Wallonie<\/strong> et a des contacts r\u00e9guliers avec <strong>la Commission Royale des Monuments, Sites et Fouilles<\/strong> ainsi que <strong>l\u2019Association Royale des Demeures Historiques et Jardins de Belgique<\/strong>.<\/p>\n<p>______________________________________________________________________________________________________<\/p>\n<p>Vous avez envie de participer \u00e0 la protection de notre environnement paysager ?<\/p>\n<p>Vous avez envie de faire entendre votre voix dans la cacophonie administrative des permis d&rsquo;urbanisme ?<\/p>\n<p>Ou vous avez simplement envie de faire plus ample connaissance avec la l\u00e9gislation environnementale et les diff\u00e9rents moyens de pression permettant de prot\u00e9ger, voir d&#8217;embellir notre cadre de vie ?<\/p>\n<p>Alors venez nous rejoindre ! Devenez membre ou b\u00e9n\u00e9vole et participez activement \u00e0 cette aventure jamais finie et tellement importante.<\/p>\n<p>Notre formulaire de contact est \u00e0 votre disposition : nous vous r\u00e9pondrons d\u00e9s que possible.<\/p>\n<p style=\"text-align: right;\"><em><br \/>\nL&rsquo;\u00e9quipe adsvn.be<\/em><\/p>\n<hr \/>\n<p style=\"text-align: center;\"><strong>ADSVN asbl<\/strong>,<\/p>\n<p style=\"text-align: center;\"><strong>\u00ab\u00a0La Maison des Associations\u00a0\u00bb<br \/>\n98 rue Nanon, 5000 Namur<\/strong><\/p>\n<p style=\"text-align: center;\">Nr Entreprise\u00a0410-334-843<br \/>\nRPM Namur<br \/>\nCompte bancaire\u00a0363-0040323-11<\/p>\n","protected":false},"excerpt":{"rendered":"<p>L\u2019Association pour la D\u00e9fense des Sites et Vall\u00e9es du Namurois a \u00e9t\u00e9 cr\u00e9\u00e9e en 1942 par un groupe de r\u00e9sistants face \u00e0 l\u2019occupation allemande. Avec la fin de la guerre, l\u2019Association a \u00e9volu\u00e9 vers la d\u00e9fense du patrimoine b\u00e2ti et naturel dans le Namurois. Elle a compt\u00e9 parmi ses membres le renomm\u00e9 Adrien de Pr\u00e9morel &hellip; <\/p>\n<p class=\"link-more\"><a href=\"http:\/\/www.adsvn.be\/site\/accueil\" class=\"more-link\">Continuer la lecture<span class=\"screen-reader-text\"> de &laquo;&nbsp;Qui sommes-nous ?&nbsp;&raquo;<\/span><\/a><\/p>\n","protected":false},"author":4,"featured_media":0,"parent":0,"menu_order":0,"comment_status":"closed","ping_status":"closed","template":"","meta":[],"_links":{"self":[{"href":"http:\/\/www.adsvn.be\/site\/wp-json\/wp\/v2\/pages\/4"}],"collection":[{"href":"http:\/\/www.adsvn.be\/site\/wp-json\/wp\/v2\/pages"}],"about":[{"href":"http:\/\/www.adsvn.be\/site\/wp-json\/wp\/v2\/types\/page"}],"author":[{"embeddable":true,"href":"http:\/\/www.adsvn.be\/site\/wp-json\/wp\/v2\/users\/4"}],"replies":[{"embeddable":true,"href":"http:\/\/www.adsvn.be\/site\/wp-json\/wp\/v2\/comments?post=4"}],"version-history":[{"count":0,"href":"http:\/\/www.adsvn.be\/site\/wp-json\/wp\/v2\/pages\/4\/revisions"}],"wp:attachment":[{"href":"http:\/\/www.adsvn.be\/site\/wp-json\/wp\/v2\/media?parent=4"}],"curies":[{"name":"wp","href":"https:\/\/api.w.org\/{rel}","templated":true}]}}