{"id":42,"date":"2010-09-13T03:16:26","date_gmt":"2010-09-13T01:16:26","guid":{"rendered":"http:\/\/www.adsvn.be\/site"},"modified":"2010-09-13T16:43:58","modified_gmt":"2010-09-13T14:43:58","slug":"respect-du-bati-en-site-rural","status":"publish","type":"page","link":"http:\/\/www.adsvn.be\/site\/accueil\/respect-du-bati-en-site-rural","title":{"rendered":"Le respect du b\u00e2ti en site rural"},"content":{"rendered":"<p><strong>Le respect du b\u00e2ti en site rural<\/strong> (application du RGBSR \u2013 R\u00e8glement G\u00e9n\u00e9ral sur les B\u00e2tisses en Site Rural, conservation et transformation du b\u00e2ti ancien constituant l\u2019h\u00e9ritage patrimonial et historique de la Province de Namur).<\/p>\n","protected":false},"excerpt":{"rendered":"<p>Le respect du b\u00e2ti en site rural (application du RGBSR \u2013 R\u00e8glement G\u00e9n\u00e9ral sur les B\u00e2tisses en Site Rural, conservation et transformation du b\u00e2ti ancien constituant l\u2019h\u00e9ritage patrimonial et historique de la Province de Namur).<\/p>\n","protected":false},"author":4,"featured_media":0,"parent":4,"menu_order":0,"comment_status":"closed","ping_status":"closed","template":"","meta":[],"_links":{"self":[{"href":"http:\/\/www.adsvn.be\/site\/wp-json\/wp\/v2\/pages\/42"}],"collection":[{"href":"http:\/\/www.adsvn.be\/site\/wp-json\/wp\/v2\/pages"}],"about":[{"href":"http:\/\/www.adsvn.be\/site\/wp-json\/wp\/v2\/types\/page"}],"author":[{"embeddable":true,"href":"http:\/\/www.adsvn.be\/site\/wp-json\/wp\/v2\/users\/4"}],"replies":[{"embeddable":true,"href":"http:\/\/www.adsvn.be\/site\/wp-json\/wp\/v2\/comments?post=42"}],"version-history":[{"count":0,"href":"http:\/\/www.adsvn.be\/site\/wp-json\/wp\/v2\/pages\/42\/revisions"}],"up":[{"embeddable":true,"href":"http:\/\/www.adsvn.be\/site\/wp-json\/wp\/v2\/pages\/4"}],"wp:attachment":[{"href":"http:\/\/www.adsvn.be\/site\/wp-json\/wp\/v2\/media?parent=42"}],"curies":[{"name":"wp","href":"https:\/\/api.w.org\/{rel}","templated":true}]}}