{"id":437,"date":"2022-11-17T10:34:08","date_gmt":"2022-11-17T08:34:08","guid":{"rendered":"https:\/\/www.adsvn.be\/site\/?page_id=437"},"modified":"2022-11-17T10:34:08","modified_gmt":"2022-11-17T08:34:08","slug":"accueil-2","status":"publish","type":"page","link":"http:\/\/www.adsvn.be\/site\/","title":{"rendered":"Accueil"},"content":{"rendered":"\n<p>Bienvenue sur le site de l\u2019ADSVN !<\/p>\n\n\n\n<p>Nous sommes heureux de pouvoir vous pr\u00e9senter plus en d\u00e9tail le pourquoi de nos actions et les sujets que nous d\u00e9fendons.<\/p>\n\n\n\n<p>Vous trouverez le d\u00e9tail de nos interventions r\u00e9centes dans la rubrique actualit\u00e9s.<\/p>\n\n\n\n<p>N\u2019h\u00e9sitez pas \u00e0 nous contacter pour plus d\u2019information.<\/p>\n\n\n\n<p>Bonne visite de ce site.&nbsp;<\/p>\n\n\n\n<p>Adsvnement v\u00f4tre,<\/p>\n\n\n\n<p>L\u2019\u00e9quipe ADSVN.be<\/p>\n","protected":false},"excerpt":{"rendered":"<p>Bienvenue sur le site de l\u2019ADSVN ! Nous sommes heureux de pouvoir vous pr\u00e9senter plus en d\u00e9tail le pourquoi de nos actions et les sujets que nous d\u00e9fendons. Vous trouverez le d\u00e9tail de nos interventions r\u00e9centes dans la rubrique actualit\u00e9s. N\u2019h\u00e9sitez pas \u00e0 nous contacter pour plus d\u2019information. Bonne visite de ce site.&nbsp; Adsvnement v\u00f4tre, &hellip; <\/p>\n<p class=\"link-more\"><a href=\"http:\/\/www.adsvn.be\/site\/\" class=\"more-link\">Continuer la lecture<span class=\"screen-reader-text\"> de &laquo;&nbsp;Accueil&nbsp;&raquo;<\/span><\/a><\/p>\n","protected":false},"author":4,"featured_media":0,"parent":0,"menu_order":0,"comment_status":"closed","ping_status":"closed","template":"","meta":[],"_links":{"self":[{"href":"http:\/\/www.adsvn.be\/site\/wp-json\/wp\/v2\/pages\/437"}],"collection":[{"href":"http:\/\/www.adsvn.be\/site\/wp-json\/wp\/v2\/pages"}],"about":[{"href":"http:\/\/www.adsvn.be\/site\/wp-json\/wp\/v2\/types\/page"}],"author":[{"embeddable":true,"href":"http:\/\/www.adsvn.be\/site\/wp-json\/wp\/v2\/users\/4"}],"replies":[{"embeddable":true,"href":"http:\/\/www.adsvn.be\/site\/wp-json\/wp\/v2\/comments?post=437"}],"version-history":[{"count":1,"href":"http:\/\/www.adsvn.be\/site\/wp-json\/wp\/v2\/pages\/437\/revisions"}],"predecessor-version":[{"id":438,"href":"http:\/\/www.adsvn.be\/site\/wp-json\/wp\/v2\/pages\/437\/revisions\/438"}],"wp:attachment":[{"href":"http:\/\/www.adsvn.be\/site\/wp-json\/wp\/v2\/media?parent=437"}],"curies":[{"name":"wp","href":"https:\/\/api.w.org\/{rel}","templated":true}]}}