{"id":46,"date":"2010-09-13T03:19:17","date_gmt":"2010-09-13T01:19:17","guid":{"rendered":"http:\/\/www.adsvn.be\/site"},"modified":"2010-09-13T16:43:25","modified_gmt":"2010-09-13T14:43:25","slug":"sauvegarde-de-la-biodiversite","status":"publish","type":"page","link":"http:\/\/www.adsvn.be\/site\/accueil\/sauvegarde-de-la-biodiversite","title":{"rendered":"La sauvegarde de la biodiversit\u00e9"},"content":{"rendered":"<p><strong>La sauvegarde de la biodiversit\u00e9<\/strong> dans une r\u00e9gion fortement peupl\u00e9e et de plus en plus urbanis\u00e9e.<\/p>\n","protected":false},"excerpt":{"rendered":"<p>La sauvegarde de la biodiversit\u00e9 dans une r\u00e9gion fortement peupl\u00e9e et de plus en plus urbanis\u00e9e.<\/p>\n","protected":false},"author":4,"featured_media":0,"parent":4,"menu_order":0,"comment_status":"closed","ping_status":"closed","template":"","meta":[],"_links":{"self":[{"href":"http:\/\/www.adsvn.be\/site\/wp-json\/wp\/v2\/pages\/46"}],"collection":[{"href":"http:\/\/www.adsvn.be\/site\/wp-json\/wp\/v2\/pages"}],"about":[{"href":"http:\/\/www.adsvn.be\/site\/wp-json\/wp\/v2\/types\/page"}],"author":[{"embeddable":true,"href":"http:\/\/www.adsvn.be\/site\/wp-json\/wp\/v2\/users\/4"}],"replies":[{"embeddable":true,"href":"http:\/\/www.adsvn.be\/site\/wp-json\/wp\/v2\/comments?post=46"}],"version-history":[{"count":0,"href":"http:\/\/www.adsvn.be\/site\/wp-json\/wp\/v2\/pages\/46\/revisions"}],"up":[{"embeddable":true,"href":"http:\/\/www.adsvn.be\/site\/wp-json\/wp\/v2\/pages\/4"}],"wp:attachment":[{"href":"http:\/\/www.adsvn.be\/site\/wp-json\/wp\/v2\/media?parent=46"}],"curies":[{"name":"wp","href":"https:\/\/api.w.org\/{rel}","templated":true}]}}