{"id":9,"date":"2010-09-12T11:00:37","date_gmt":"2010-09-12T09:00:37","guid":{"rendered":"http:\/\/www.adsvn.be\/site"},"modified":"2023-05-17T19:11:05","modified_gmt":"2023-05-17T17:11:05","slug":"dons","status":"publish","type":"page","link":"http:\/\/www.adsvn.be\/site\/dons","title":{"rendered":"Dons"},"content":{"rendered":"<h3>Soutenez-nous et faites un don !<\/h3>\n<p>En tant qu\u2019Association Sans But Lucratif (ASBL), ne d\u00e9pendant d\u2019aucune sorte de subsides, totalement ind\u00e9pendante et ne fonctionnant qu\u2019avec l\u2019aide de b\u00e9n\u00e9voles motiv\u00e9s, nos moyens financiers sont tr\u00e8s limit\u00e9s.<\/p>\n<p>En contribuant, par votre don, \u00e0 nos actions, vous nous permettrez d\u2019agir encore plus efficacement.<\/p>\n<p>D\u2019avance merci de contribuer au maintient de VOTRE environnement, de VOS paysages et de VOTRE cadre de vie ! Les sites et vall\u00e9es du Namurois en valent la peine !<\/p>\n<hr \/>\n<p style=\"text-align: center;\">Tout don peut \u00eatre vers\u00e9 sur le compte de l\u2019ADSVN ASBL :<\/p>\n<p style=\"text-align: center;\">Compte bancaire ING 363-0040323-11<\/p>\n","protected":false},"excerpt":{"rendered":"<p>Soutenez-nous et faites un don ! En tant qu\u2019Association Sans But Lucratif (ASBL), ne d\u00e9pendant d\u2019aucune sorte de subsides, totalement ind\u00e9pendante et ne fonctionnant qu\u2019avec l\u2019aide de b\u00e9n\u00e9voles motiv\u00e9s, nos moyens financiers sont tr\u00e8s limit\u00e9s. En contribuant, par votre don, \u00e0 nos actions, vous nous permettrez d\u2019agir encore plus efficacement. D\u2019avance merci de contribuer au &hellip; <\/p>\n<p class=\"link-more\"><a href=\"http:\/\/www.adsvn.be\/site\/dons\" class=\"more-link\">Continuer la lecture<span class=\"screen-reader-text\"> de &laquo;&nbsp;Dons&nbsp;&raquo;<\/span><\/a><\/p>\n","protected":false},"author":4,"featured_media":0,"parent":0,"menu_order":2,"comment_status":"closed","ping_status":"closed","template":"","meta":[],"_links":{"self":[{"href":"http:\/\/www.adsvn.be\/site\/wp-json\/wp\/v2\/pages\/9"}],"collection":[{"href":"http:\/\/www.adsvn.be\/site\/wp-json\/wp\/v2\/pages"}],"about":[{"href":"http:\/\/www.adsvn.be\/site\/wp-json\/wp\/v2\/types\/page"}],"author":[{"embeddable":true,"href":"http:\/\/www.adsvn.be\/site\/wp-json\/wp\/v2\/users\/4"}],"replies":[{"embeddable":true,"href":"http:\/\/www.adsvn.be\/site\/wp-json\/wp\/v2\/comments?post=9"}],"version-history":[{"count":1,"href":"http:\/\/www.adsvn.be\/site\/wp-json\/wp\/v2\/pages\/9\/revisions"}],"predecessor-version":[{"id":2654,"href":"http:\/\/www.adsvn.be\/site\/wp-json\/wp\/v2\/pages\/9\/revisions\/2654"}],"wp:attachment":[{"href":"http:\/\/www.adsvn.be\/site\/wp-json\/wp\/v2\/media?parent=9"}],"curies":[{"name":"wp","href":"https:\/\/api.w.org\/{rel}","templated":true}]}}