{"id":7,"date":"2010-09-12T10:58:57","date_gmt":"2010-09-12T08:58:57","guid":{"rendered":"http:\/\/www.adsvn.be\/site"},"modified":"2022-11-17T13:27:00","modified_gmt":"2022-11-17T11:27:00","slug":"nos-actions","status":"publish","type":"page","link":"https:\/\/www.adsvn.be\/site\/nos-actions","title":{"rendered":"Nos actions"},"content":{"rendered":"<p>L\u2019ADSVN est souvent sollicit\u00e9e pour intervenir dans les nombreux cas d\u2019atteinte \u00e0 la pr\u00e9servation de notre patrimoine naturel et b\u00e2ti. Faute de temps et de ressources, elle ne peut r\u00e9pondre \u00e0 toutes les demandes.<\/p>\n<p>C\u2019est pourquoi, nous nous effor\u00e7ons, en priorit\u00e9, d\u2019intervenir l\u00e0 o\u00f9 nous jugeons le potentiel de dommage le plus important, le plus significatif pour la pr\u00e9servation de notre cadre de vie.<\/p>\n<p>Les diff\u00e9rents\u00a0 r\u00e9sum\u00e9s de nos actions et\u00a0 communiqu\u00e9s de presse peuvent \u00eatre consult\u00e9s \u00e0 la rubrique \u00ab\u00a0Actualit\u00e9s\u00a0\u00bb. Cela vous donnera des id\u00e9es quant \u00e0 la r\u00e9alisation et aux domaines d\u2019actions entrepris.<\/p>\n<p>Vous pouvez visualiser toutes nos actions d&rsquo;une cat\u00e9gorie en s\u00e9lectionnant sur un communiqu\u00e9 de presse la cat\u00e9gorie.<\/p>\n","protected":false},"excerpt":{"rendered":"<p>L\u2019ADSVN est souvent sollicit\u00e9e pour intervenir dans les nombreux cas d\u2019atteinte \u00e0 la pr\u00e9servation de notre patrimoine naturel et b\u00e2ti. Faute de temps et de ressources, elle ne peut r\u00e9pondre \u00e0 toutes les demandes. C\u2019est pourquoi, nous nous effor\u00e7ons, en priorit\u00e9, d\u2019intervenir l\u00e0 o\u00f9 nous jugeons le potentiel de dommage le plus important, le plus &hellip; <\/p>\n<p class=\"link-more\"><a href=\"https:\/\/www.adsvn.be\/site\/nos-actions\" class=\"more-link\">Continuer la lecture<span class=\"screen-reader-text\"> de &laquo;&nbsp;Nos actions&nbsp;&raquo;<\/span><\/a><\/p>\n","protected":false},"author":4,"featured_media":0,"parent":0,"menu_order":1,"comment_status":"closed","ping_status":"closed","template":"","meta":[],"_links":{"self":[{"href":"https:\/\/www.adsvn.be\/site\/wp-json\/wp\/v2\/pages\/7"}],"collection":[{"href":"https:\/\/www.adsvn.be\/site\/wp-json\/wp\/v2\/pages"}],"about":[{"href":"https:\/\/www.adsvn.be\/site\/wp-json\/wp\/v2\/types\/page"}],"author":[{"embeddable":true,"href":"https:\/\/www.adsvn.be\/site\/wp-json\/wp\/v2\/users\/4"}],"replies":[{"embeddable":true,"href":"https:\/\/www.adsvn.be\/site\/wp-json\/wp\/v2\/comments?post=7"}],"version-history":[{"count":2,"href":"https:\/\/www.adsvn.be\/site\/wp-json\/wp\/v2\/pages\/7\/revisions"}],"predecessor-version":[{"id":440,"href":"https:\/\/www.adsvn.be\/site\/wp-json\/wp\/v2\/pages\/7\/revisions\/440"}],"wp:attachment":[{"href":"https:\/\/www.adsvn.be\/site\/wp-json\/wp\/v2\/media?parent=7"}],"curies":[{"name":"wp","href":"https:\/\/api.w.org\/{rel}","templated":true}]}}